{"id":95,"date":"2025-02-26T17:44:04","date_gmt":"2025-02-26T17:44:04","guid":{"rendered":"https:\/\/wordalive.net\/?page_id=95"},"modified":"2025-04-26T09:40:21","modified_gmt":"2025-04-26T09:40:21","slug":"kategorier","status":"publish","type":"page","link":"https:\/\/www.wordalive.net\/se\/kategorier\/","title":{"rendered":"Kategorier"},"content":{"rendered":"\n<div class=\"wp-block-group alignfull has-background-background-color has-background has-global-padding is-layout-constrained wp-container-core-group-is-layout-fb85e995 wp-block-group-is-layout-constrained\" id=\"features\" style=\"margin-top:0;margin-bottom:0;padding-top:var(--wp--preset--spacing--60);padding-right:var(--wp--preset--spacing--30);padding-bottom:var(--wp--preset--spacing--60);padding-left:var(--wp--preset--spacing--30)\">\n<h2 class=\"wp-block-heading has-text-align-left has-xx-large-font-size\">Kategorier<\/h2>\n\n\n\n<div class=\"wp-block-columns alignwide is-layout-flex wp-container-core-columns-is-layout-08c01c1c wp-block-columns-is-layout-flex\">\n<div class=\"wp-block-column is-vertically-aligned-stretch is-layout-flow wp-block-column-is-layout-flow\" style=\"padding-top:0;padding-bottom:0;flex-basis:50%\">\n<div class=\"wp-block-group has-background is-nowrap is-layout-flex wp-container-core-group-is-layout-a1e5c640 wp-block-group-is-layout-flex\" style=\"border-top-left-radius:20rem;border-bottom-left-radius:20rem;background-color:#d8d4ce;padding-top:2.5rem;padding-right:var(--wp--preset--spacing--50);padding-bottom:2.5rem;padding-left:var(--wp--preset--spacing--50)\">\n<div class=\"wp-block-group wp-container-content-958eb9dc has-global-padding is-layout-constrained wp-block-group-is-layout-constrained\">\n<h3 class=\"wp-block-heading has-text-align-center\" style=\"font-size:clamp(14px, 0.875rem + ((1vw - 3.2px) * 0.625), 20px);line-height:1.5\"><a href=\"https:\/\/wordalive.net\/kategorier\/milk\" data-type=\"link\" data-id=\"https:\/\/wordalive.net\/kategorier\/milk\">Mj\u00f6lk<\/a><\/h3>\n\n\n\n<p class=\"has-small-font-size\" style=\"margin-top:4px\">&#8221;L\u00e4ngta efter den rena andliga mj\u00f6lken, s\u00e5 att ni genom den v\u00e4xer upp till fr\u00e4lsning.&#8221; 1Pet. 2:1<\/p>\n<\/div>\n<\/div>\n\n\n\n<div class=\"wp-block-group has-background is-nowrap is-layout-flex wp-container-core-group-is-layout-a1e5c640 wp-block-group-is-layout-flex\" style=\"border-top-left-radius:20rem;border-bottom-left-radius:20rem;background-color:#d8d4ce;padding-top:2.5rem;padding-right:var(--wp--preset--spacing--50);padding-bottom:2.5rem;padding-left:var(--wp--preset--spacing--50)\">\n<div class=\"wp-block-group wp-container-content-958eb9dc has-global-padding is-layout-constrained wp-block-group-is-layout-constrained\">\n<h3 class=\"wp-block-heading has-text-align-center\" style=\"font-size:clamp(14px, 0.875rem + ((1vw - 3.2px) * 0.625), 20px);line-height:1.5\"><a href=\"https:\/\/wordalive.net\/kategorier\/medium\" data-type=\"link\" data-id=\"https:\/\/wordalive.net\/kategorier\/medium\">Medium<\/a><\/h3>\n\n\n\n<p class=\"has-small-font-size\" style=\"margin-top:4px\">&#8221;Tills Kristus tar form i er.&#8221; Gal. 4:19<\/p>\n<\/div>\n<\/div>\n\n\n\n<div class=\"wp-block-group has-background is-nowrap is-layout-flex wp-container-core-group-is-layout-a1e5c640 wp-block-group-is-layout-flex\" style=\"border-top-left-radius:20rem;border-bottom-left-radius:20rem;background-color:#d8d4ce;padding-top:2.5rem;padding-right:var(--wp--preset--spacing--50);padding-bottom:2.5rem;padding-left:var(--wp--preset--spacing--50)\">\n<div class=\"wp-block-group wp-container-content-958eb9dc has-global-padding is-layout-constrained wp-block-group-is-layout-constrained\">\n<h3 class=\"wp-block-heading has-text-align-center\" style=\"font-size:clamp(14px, 0.875rem + ((1vw - 3.2px) * 0.625), 20px);line-height:1.5\"><a href=\"https:\/\/wordalive.net\/kategorier\/fast\">Fast<\/a><\/h3>\n\n\n\n<p class=\"has-small-font-size\" style=\"margin-top:4px\">&#8221;Den fasta f\u00f6dan \u00e4r till f\u00f6r vuxna, f\u00f6r dem som genom \u00f6vning har f\u00e5tt sinnena sk\u00e4rpta till att skilja mellan gott och ont.&#8221; Hebr. 5:14<\/p>\n<\/div>\n<\/div>\n<\/div>\n\n\n\n<div class=\"wp-block-column is-vertically-aligned-stretch is-layout-flow wp-block-column-is-layout-flow\" style=\"flex-basis:50%\">\n<div class=\"wp-block-cover\" style=\"border-top-left-radius:1rem;border-top-right-radius:20rem;border-bottom-left-radius:1rem;border-bottom-right-radius:1rem;min-height:100%;aspect-ratio:unset;\"><img loading=\"lazy\" decoding=\"async\" width=\"1024\" height=\"1024\" class=\"wp-block-cover__image-background wp-image-437 size-full\" alt=\"\" src=\"https:\/\/www.wordalive.net\/wp-content\/uploads\/2025\/04\/bread-and-wine-1.jpeg\" data-object-fit=\"cover\" srcset=\"https:\/\/www.wordalive.net\/wp-content\/uploads\/2025\/04\/bread-and-wine-1.jpeg 1024w, https:\/\/www.wordalive.net\/wp-content\/uploads\/2025\/04\/bread-and-wine-1-300x300.jpeg 300w, https:\/\/www.wordalive.net\/wp-content\/uploads\/2025\/04\/bread-and-wine-1-150x150.jpeg 150w, https:\/\/www.wordalive.net\/wp-content\/uploads\/2025\/04\/bread-and-wine-1-768x768.jpeg 768w, https:\/\/www.wordalive.net\/wp-content\/uploads\/2025\/04\/bread-and-wine-1-12x12.jpeg 12w\" sizes=\"auto, (max-width: 1024px) 100vw, 1024px\" \/><span aria-hidden=\"true\" class=\"wp-block-cover__background has-background-dim-0 has-background-dim\" style=\"background-color:#5e4632\"><\/span><div class=\"wp-block-cover__inner-container is-layout-flow wp-block-cover-is-layout-flow\">\n<div style=\"height:380px\" aria-hidden=\"true\" class=\"wp-block-spacer\"><\/div>\n<\/div><\/div>\n<\/div>\n<\/div>\n<\/div>\n","protected":false},"excerpt":{"rendered":"<p>Kategorier Mj\u00f6lk &#8221;L\u00e4ngta efter den rena andliga mj\u00f6lken, s\u00e5 att ni genom den v\u00e4xer upp till fr\u00e4lsning.&#8221; 1Pet. 2:1 Medium &#8221;Tills Kristus tar form i er.&#8221; Gal. 4:19 Fast &#8221;Den fasta f\u00f6dan \u00e4r till f\u00f6r vuxna, f\u00f6r dem som genom \u00f6vning har f\u00e5tt sinnena sk\u00e4rpta till att skilja mellan gott och ont.&#8221; Hebr. 5:14<\/p>\n","protected":false},"author":1,"featured_media":0,"parent":0,"menu_order":0,"comment_status":"closed","ping_status":"closed","template":"","meta":{"footnotes":""},"class_list":["post-95","page","type-page","status-publish","hentry"],"_links":{"self":[{"href":"https:\/\/www.wordalive.net\/se\/wp-json\/wp\/v2\/pages\/95","targetHints":{"allow":["GET"]}}],"collection":[{"href":"https:\/\/www.wordalive.net\/se\/wp-json\/wp\/v2\/pages"}],"about":[{"href":"https:\/\/www.wordalive.net\/se\/wp-json\/wp\/v2\/types\/page"}],"author":[{"embeddable":true,"href":"https:\/\/www.wordalive.net\/se\/wp-json\/wp\/v2\/users\/1"}],"replies":[{"embeddable":true,"href":"https:\/\/www.wordalive.net\/se\/wp-json\/wp\/v2\/comments?post=95"}],"version-history":[{"count":10,"href":"https:\/\/www.wordalive.net\/se\/wp-json\/wp\/v2\/pages\/95\/revisions"}],"predecessor-version":[{"id":467,"href":"https:\/\/www.wordalive.net\/se\/wp-json\/wp\/v2\/pages\/95\/revisions\/467"}],"wp:attachment":[{"href":"https:\/\/www.wordalive.net\/se\/wp-json\/wp\/v2\/media?parent=95"}],"curies":[{"name":"wp","href":"https:\/\/api.w.org\/{rel}","templated":true}]}}