{"id":282,"date":"2025-03-10T09:32:04","date_gmt":"2025-03-10T09:32:04","guid":{"rendered":"https:\/\/wordalive.net\/?page_id=282"},"modified":"2025-05-02T09:00:08","modified_gmt":"2025-05-02T09:00:08","slug":"blog","status":"publish","type":"page","link":"https:\/\/www.wordalive.net\/se\/blog\/","title":{"rendered":"Blog"},"content":{"rendered":"\n<div class=\"wp-block-group alignfull has-background-background-color has-background has-global-padding is-layout-constrained wp-container-core-group-is-layout-a817a2b1 wp-block-group-is-layout-constrained\" style=\"margin-top:0;margin-bottom:0;padding-bottom:var(--wp--preset--spacing--60)\">\n<div data-wp-context=\"{}\" data-wp-interactive=\"core\/query\" data-wp-key=\"10\" data-wp-router-region=\"query-10\" class=\"wp-block-query alignwide is-layout-flow wp-block-query-is-layout-flow\"><ul class=\"columns-4 wp-block-post-template is-layout-grid wp-container-core-post-template-is-layout-e7fd85f5 wp-block-post-template-is-layout-grid\"><li data-wp-key=\"post-template-item-591\" class=\"wp-block-post post-591 post type-post status-publish format-standard has-post-thumbnail hentry category-fast\">\n<figure style=\"aspect-ratio:1;\" class=\"wp-block-post-featured-image\"><img loading=\"lazy\" decoding=\"async\" width=\"1600\" height=\"896\" src=\"https:\/\/www.wordalive.net\/wp-content\/uploads\/2026\/01\/The-second-coming.jpg\" class=\"attachment-post-thumbnail size-post-thumbnail wp-post-image\" alt=\"\" style=\"width:100%;height:100%;object-fit:cover;\" srcset=\"https:\/\/www.wordalive.net\/wp-content\/uploads\/2026\/01\/The-second-coming.jpg 1600w, https:\/\/www.wordalive.net\/wp-content\/uploads\/2026\/01\/The-second-coming-300x168.jpg 300w, https:\/\/www.wordalive.net\/wp-content\/uploads\/2026\/01\/The-second-coming-1024x573.jpg 1024w, https:\/\/www.wordalive.net\/wp-content\/uploads\/2026\/01\/The-second-coming-768x430.jpg 768w, https:\/\/www.wordalive.net\/wp-content\/uploads\/2026\/01\/The-second-coming-1536x860.jpg 1536w, https:\/\/www.wordalive.net\/wp-content\/uploads\/2026\/01\/The-second-coming-18x10.jpg 18w\" sizes=\"auto, (max-width: 1600px) 100vw, 1600px\" \/><\/figure>\n\n<div style=\"margin-top:24px;margin-bottom:6px\" class=\"taxonomy-category has-link-color wp-elements-ac72088bd961ddddb454757c7ce5a3ca wp-block-post-terms has-small-font-size\"><a href=\"https:\/\/www.wordalive.net\/se\/kategorier\/fast\/\" rel=\"tag\">Fast<\/a><\/div>\n\n<h2 style=\"margin-top:6px;margin-bottom:12px;\" class=\"wp-block-post-title has-medium-font-size\"><a href=\"https:\/\/www.wordalive.net\/se\/han-kommer-i-kraft\/\" target=\"_self\" >Han kommer i kraft<\/a><\/h2>\n\n\n<div style=\"height:1.5rem\" aria-hidden=\"true\" class=\"wp-block-spacer\"><\/div>\n\n<\/li><li data-wp-key=\"post-template-item-620\" class=\"wp-block-post post-620 post type-post status-publish format-standard has-post-thumbnail hentry category-fast\">\n<figure style=\"aspect-ratio:1;\" class=\"wp-block-post-featured-image\"><img loading=\"lazy\" decoding=\"async\" width=\"1536\" height=\"1024\" src=\"https:\/\/www.wordalive.net\/wp-content\/uploads\/2026\/02\/Crown-of-glory.png\" class=\"attachment-post-thumbnail size-post-thumbnail wp-post-image\" alt=\"\" style=\"width:100%;height:100%;object-fit:cover;\" srcset=\"https:\/\/www.wordalive.net\/wp-content\/uploads\/2026\/02\/Crown-of-glory.png 1536w, https:\/\/www.wordalive.net\/wp-content\/uploads\/2026\/02\/Crown-of-glory-300x200.png 300w, https:\/\/www.wordalive.net\/wp-content\/uploads\/2026\/02\/Crown-of-glory-1024x683.png 1024w, https:\/\/www.wordalive.net\/wp-content\/uploads\/2026\/02\/Crown-of-glory-768x512.png 768w, https:\/\/www.wordalive.net\/wp-content\/uploads\/2026\/02\/Crown-of-glory-18x12.png 18w\" sizes=\"auto, (max-width: 1536px) 100vw, 1536px\" \/><\/figure>\n\n<div style=\"margin-top:24px;margin-bottom:6px\" class=\"taxonomy-category has-link-color wp-elements-ac72088bd961ddddb454757c7ce5a3ca wp-block-post-terms has-small-font-size\"><a href=\"https:\/\/www.wordalive.net\/se\/kategorier\/fast\/\" rel=\"tag\">Fast<\/a><\/div>\n\n<h2 style=\"margin-top:6px;margin-bottom:12px;\" class=\"wp-block-post-title has-medium-font-size\"><a href=\"https:\/\/www.wordalive.net\/se\/harlighet-ara-och-ododlighet\/\" target=\"_self\" >H\u00e4rlighet, \u00e4ra och od\u00f6dlighet<\/a><\/h2>\n\n\n<div style=\"height:1.5rem\" aria-hidden=\"true\" class=\"wp-block-spacer\"><\/div>\n\n<\/li><li data-wp-key=\"post-template-item-597\" class=\"wp-block-post post-597 post type-post status-publish format-standard has-post-thumbnail hentry category-medium\">\n<figure style=\"aspect-ratio:1;\" class=\"wp-block-post-featured-image\"><img loading=\"lazy\" decoding=\"async\" width=\"1600\" height=\"896\" src=\"https:\/\/www.wordalive.net\/wp-content\/uploads\/2026\/01\/Mouth-of-God.jpg\" class=\"attachment-post-thumbnail size-post-thumbnail wp-post-image\" alt=\"\" style=\"width:100%;height:100%;object-fit:cover;\" srcset=\"https:\/\/www.wordalive.net\/wp-content\/uploads\/2026\/01\/Mouth-of-God.jpg 1600w, https:\/\/www.wordalive.net\/wp-content\/uploads\/2026\/01\/Mouth-of-God-300x168.jpg 300w, https:\/\/www.wordalive.net\/wp-content\/uploads\/2026\/01\/Mouth-of-God-1024x573.jpg 1024w, https:\/\/www.wordalive.net\/wp-content\/uploads\/2026\/01\/Mouth-of-God-768x430.jpg 768w, https:\/\/www.wordalive.net\/wp-content\/uploads\/2026\/01\/Mouth-of-God-1536x860.jpg 1536w, https:\/\/www.wordalive.net\/wp-content\/uploads\/2026\/01\/Mouth-of-God-18x10.jpg 18w\" sizes=\"auto, (max-width: 1600px) 100vw, 1600px\" \/><\/figure>\n\n<div style=\"margin-top:24px;margin-bottom:6px\" class=\"taxonomy-category has-link-color wp-elements-ac72088bd961ddddb454757c7ce5a3ca wp-block-post-terms has-small-font-size\"><a href=\"https:\/\/www.wordalive.net\/se\/kategorier\/medium\/\" rel=\"tag\">Medium<\/a><\/div>\n\n<h2 style=\"margin-top:6px;margin-bottom:12px;\" class=\"wp-block-post-title has-medium-font-size\"><a href=\"https:\/\/www.wordalive.net\/se\/ar-du-ett-ord-fran-guds-mun\/\" target=\"_self\" >\u00c4r du ett ord fr\u00e5n Guds mun?<\/a><\/h2>\n\n\n<div style=\"height:1.5rem\" aria-hidden=\"true\" class=\"wp-block-spacer\"><\/div>\n\n<\/li><li data-wp-key=\"post-template-item-547\" class=\"wp-block-post post-547 post type-post status-publish format-standard has-post-thumbnail hentry category-fast\">\n<figure style=\"aspect-ratio:1;\" class=\"wp-block-post-featured-image\"><img loading=\"lazy\" decoding=\"async\" width=\"1216\" height=\"832\" src=\"https:\/\/www.wordalive.net\/wp-content\/uploads\/2025\/08\/best-wine.jpg\" class=\"attachment-post-thumbnail size-post-thumbnail wp-post-image\" alt=\"\" style=\"width:100%;height:100%;object-fit:cover;\" srcset=\"https:\/\/www.wordalive.net\/wp-content\/uploads\/2025\/08\/best-wine.jpg 1216w, https:\/\/www.wordalive.net\/wp-content\/uploads\/2025\/08\/best-wine-300x205.jpg 300w, https:\/\/www.wordalive.net\/wp-content\/uploads\/2025\/08\/best-wine-1024x701.jpg 1024w, https:\/\/www.wordalive.net\/wp-content\/uploads\/2025\/08\/best-wine-768x525.jpg 768w, https:\/\/www.wordalive.net\/wp-content\/uploads\/2025\/08\/best-wine-18x12.jpg 18w\" sizes=\"auto, (max-width: 1216px) 100vw, 1216px\" \/><\/figure>\n\n<div style=\"margin-top:24px;margin-bottom:6px\" class=\"taxonomy-category has-link-color wp-elements-ac72088bd961ddddb454757c7ce5a3ca wp-block-post-terms has-small-font-size\"><a href=\"https:\/\/www.wordalive.net\/se\/kategorier\/fast\/\" rel=\"tag\">Fast<\/a><\/div>\n\n<h2 style=\"margin-top:6px;margin-bottom:12px;\" class=\"wp-block-post-title has-medium-font-size\"><a href=\"https:\/\/www.wordalive.net\/se\/det-basta-vinet-har-sparats-till-sist\/\" target=\"_self\" >Det b\u00e4sta vinet har sparats till sist<\/a><\/h2>\n\n\n<div style=\"height:1.5rem\" aria-hidden=\"true\" class=\"wp-block-spacer\"><\/div>\n\n<\/li><li data-wp-key=\"post-template-item-540\" class=\"wp-block-post post-540 post type-post status-publish format-standard has-post-thumbnail hentry category-medium\">\n<figure style=\"aspect-ratio:1;\" class=\"wp-block-post-featured-image\"><img loading=\"lazy\" decoding=\"async\" width=\"1216\" height=\"832\" src=\"https:\/\/www.wordalive.net\/wp-content\/uploads\/2025\/06\/a-sword-or-and-a-cup.jpg\" class=\"attachment-post-thumbnail size-post-thumbnail wp-post-image\" alt=\"\" style=\"width:100%;height:100%;object-fit:cover;\" srcset=\"https:\/\/www.wordalive.net\/wp-content\/uploads\/2025\/06\/a-sword-or-and-a-cup.jpg 1216w, https:\/\/www.wordalive.net\/wp-content\/uploads\/2025\/06\/a-sword-or-and-a-cup-300x205.jpg 300w, https:\/\/www.wordalive.net\/wp-content\/uploads\/2025\/06\/a-sword-or-and-a-cup-1024x701.jpg 1024w, https:\/\/www.wordalive.net\/wp-content\/uploads\/2025\/06\/a-sword-or-and-a-cup-768x525.jpg 768w, https:\/\/www.wordalive.net\/wp-content\/uploads\/2025\/06\/a-sword-or-and-a-cup-18x12.jpg 18w\" sizes=\"auto, (max-width: 1216px) 100vw, 1216px\" \/><\/figure>\n\n<div style=\"margin-top:24px;margin-bottom:6px\" class=\"taxonomy-category has-link-color wp-elements-ac72088bd961ddddb454757c7ce5a3ca wp-block-post-terms has-small-font-size\"><a href=\"https:\/\/www.wordalive.net\/se\/kategorier\/medium\/\" rel=\"tag\">Medium<\/a><\/div>\n\n<h2 style=\"margin-top:6px;margin-bottom:12px;\" class=\"wp-block-post-title has-medium-font-size\"><a href=\"https:\/\/www.wordalive.net\/se\/svardet-eller-bagaren\/\" target=\"_self\" >Sv\u00e4rdet eller b\u00e4garen<\/a><\/h2>\n\n\n<div style=\"height:1.5rem\" aria-hidden=\"true\" class=\"wp-block-spacer\"><\/div>\n\n<\/li><li data-wp-key=\"post-template-item-527\" class=\"wp-block-post post-527 post type-post status-publish format-standard has-post-thumbnail hentry category-medium\">\n<figure style=\"aspect-ratio:1;\" class=\"wp-block-post-featured-image\"><img loading=\"lazy\" decoding=\"async\" width=\"1536\" height=\"1024\" src=\"https:\/\/www.wordalive.net\/wp-content\/uploads\/2025\/05\/duality2.png\" class=\"attachment-post-thumbnail size-post-thumbnail wp-post-image\" alt=\"\" style=\"width:100%;height:100%;object-fit:cover;\" srcset=\"https:\/\/www.wordalive.net\/wp-content\/uploads\/2025\/05\/duality2.png 1536w, https:\/\/www.wordalive.net\/wp-content\/uploads\/2025\/05\/duality2-300x200.png 300w, https:\/\/www.wordalive.net\/wp-content\/uploads\/2025\/05\/duality2-1024x683.png 1024w, https:\/\/www.wordalive.net\/wp-content\/uploads\/2025\/05\/duality2-768x512.png 768w, https:\/\/www.wordalive.net\/wp-content\/uploads\/2025\/05\/duality2-18x12.png 18w\" sizes=\"auto, (max-width: 1536px) 100vw, 1536px\" \/><\/figure>\n\n<div style=\"margin-top:24px;margin-bottom:6px\" class=\"taxonomy-category has-link-color wp-elements-ac72088bd961ddddb454757c7ce5a3ca wp-block-post-terms has-small-font-size\"><a href=\"https:\/\/www.wordalive.net\/se\/kategorier\/medium\/\" rel=\"tag\">Medium<\/a><\/div>\n\n<h2 style=\"margin-top:6px;margin-bottom:12px;\" class=\"wp-block-post-title has-medium-font-size\"><a href=\"https:\/\/www.wordalive.net\/se\/livets-dualitet\/\" target=\"_self\" >Livets dualitet<\/a><\/h2>\n\n\n<div style=\"height:1.5rem\" aria-hidden=\"true\" class=\"wp-block-spacer\"><\/div>\n\n<\/li><li data-wp-key=\"post-template-item-475\" class=\"wp-block-post post-475 post type-post status-publish format-standard has-post-thumbnail hentry category-medium\">\n<figure style=\"aspect-ratio:1;\" class=\"wp-block-post-featured-image\"><img loading=\"lazy\" decoding=\"async\" width=\"1792\" height=\"1024\" src=\"https:\/\/www.wordalive.net\/wp-content\/uploads\/2025\/05\/linen-garments.jpg\" class=\"attachment-post-thumbnail size-post-thumbnail wp-post-image\" alt=\"\" style=\"width:100%;height:100%;object-fit:cover;\" srcset=\"https:\/\/www.wordalive.net\/wp-content\/uploads\/2025\/05\/linen-garments.jpg 1792w, https:\/\/www.wordalive.net\/wp-content\/uploads\/2025\/05\/linen-garments-300x171.jpg 300w, https:\/\/www.wordalive.net\/wp-content\/uploads\/2025\/05\/linen-garments-1024x585.jpg 1024w, https:\/\/www.wordalive.net\/wp-content\/uploads\/2025\/05\/linen-garments-768x439.jpg 768w, https:\/\/www.wordalive.net\/wp-content\/uploads\/2025\/05\/linen-garments-1536x878.jpg 1536w, https:\/\/www.wordalive.net\/wp-content\/uploads\/2025\/05\/linen-garments-18x10.jpg 18w\" sizes=\"auto, (max-width: 1792px) 100vw, 1792px\" \/><\/figure>\n\n<div style=\"margin-top:24px;margin-bottom:6px\" class=\"taxonomy-category has-link-color wp-elements-ac72088bd961ddddb454757c7ce5a3ca wp-block-post-terms has-small-font-size\"><a href=\"https:\/\/www.wordalive.net\/se\/kategorier\/medium\/\" rel=\"tag\">Medium<\/a><\/div>\n\n<h2 style=\"margin-top:6px;margin-bottom:12px;\" class=\"wp-block-post-title has-medium-font-size\"><a href=\"https:\/\/www.wordalive.net\/se\/din-himmelska-kladnad\/\" target=\"_self\" >Din himmelska kl\u00e4dnad<\/a><\/h2>\n\n\n<div style=\"height:1.5rem\" aria-hidden=\"true\" class=\"wp-block-spacer\"><\/div>\n\n<\/li><li data-wp-key=\"post-template-item-363\" class=\"wp-block-post post-363 post type-post status-publish format-standard has-post-thumbnail hentry category-fast\">\n<figure style=\"aspect-ratio:1;\" class=\"wp-block-post-featured-image\"><img loading=\"lazy\" decoding=\"async\" width=\"1792\" height=\"1024\" src=\"https:\/\/www.wordalive.net\/wp-content\/uploads\/2025\/04\/flame.jpg\" class=\"attachment-post-thumbnail size-post-thumbnail wp-post-image\" alt=\"\" style=\"width:100%;height:100%;object-fit:cover;\" srcset=\"https:\/\/www.wordalive.net\/wp-content\/uploads\/2025\/04\/flame.jpg 1792w, https:\/\/www.wordalive.net\/wp-content\/uploads\/2025\/04\/flame-300x171.jpg 300w, https:\/\/www.wordalive.net\/wp-content\/uploads\/2025\/04\/flame-1024x585.jpg 1024w, https:\/\/www.wordalive.net\/wp-content\/uploads\/2025\/04\/flame-768x439.jpg 768w, https:\/\/www.wordalive.net\/wp-content\/uploads\/2025\/04\/flame-1536x878.jpg 1536w\" sizes=\"auto, (max-width: 1792px) 100vw, 1792px\" \/><\/figure>\n\n<div style=\"margin-top:24px;margin-bottom:6px\" class=\"taxonomy-category has-link-color wp-elements-ac72088bd961ddddb454757c7ce5a3ca wp-block-post-terms has-small-font-size\"><a href=\"https:\/\/www.wordalive.net\/se\/kategorier\/fast\/\" rel=\"tag\">Fast<\/a><\/div>\n\n<h2 style=\"margin-top:6px;margin-bottom:12px;\" class=\"wp-block-post-title has-medium-font-size\"><a href=\"https:\/\/www.wordalive.net\/se\/gud-ar-eld\/\" target=\"_self\" >Gud \u00e4r eld<\/a><\/h2>\n\n\n<div style=\"height:1.5rem\" aria-hidden=\"true\" class=\"wp-block-spacer\"><\/div>\n\n<\/li><li data-wp-key=\"post-template-item-351\" class=\"wp-block-post post-351 post type-post status-publish format-standard has-post-thumbnail hentry category-milk\">\n<figure style=\"aspect-ratio:1;\" class=\"wp-block-post-featured-image\"><img loading=\"lazy\" decoding=\"async\" width=\"1792\" height=\"1024\" src=\"https:\/\/www.wordalive.net\/wp-content\/uploads\/2025\/04\/A-dove-with-an-olive-branch.jpg\" class=\"attachment-post-thumbnail size-post-thumbnail wp-post-image\" alt=\"\" style=\"width:100%;height:100%;object-fit:cover;\" srcset=\"https:\/\/www.wordalive.net\/wp-content\/uploads\/2025\/04\/A-dove-with-an-olive-branch.jpg 1792w, https:\/\/www.wordalive.net\/wp-content\/uploads\/2025\/04\/A-dove-with-an-olive-branch-300x171.jpg 300w, https:\/\/www.wordalive.net\/wp-content\/uploads\/2025\/04\/A-dove-with-an-olive-branch-1024x585.jpg 1024w, https:\/\/www.wordalive.net\/wp-content\/uploads\/2025\/04\/A-dove-with-an-olive-branch-768x439.jpg 768w, https:\/\/www.wordalive.net\/wp-content\/uploads\/2025\/04\/A-dove-with-an-olive-branch-1536x878.jpg 1536w\" sizes=\"auto, (max-width: 1792px) 100vw, 1792px\" \/><\/figure>\n\n<div style=\"margin-top:24px;margin-bottom:6px\" class=\"taxonomy-category has-link-color wp-elements-ac72088bd961ddddb454757c7ce5a3ca wp-block-post-terms has-small-font-size\"><a href=\"https:\/\/www.wordalive.net\/se\/kategorier\/milk\/\" rel=\"tag\">Mj\u00f6lk<\/a><\/div>\n\n<h2 style=\"margin-top:6px;margin-bottom:12px;\" class=\"wp-block-post-title has-medium-font-size\"><a href=\"https:\/\/www.wordalive.net\/se\/guds-vila\/\" target=\"_self\" >Guds vila<\/a><\/h2>\n\n\n<div style=\"height:1.5rem\" aria-hidden=\"true\" class=\"wp-block-spacer\"><\/div>\n\n<\/li><li data-wp-key=\"post-template-item-324\" class=\"wp-block-post post-324 post type-post status-publish format-standard has-post-thumbnail hentry category-medium\">\n<figure style=\"aspect-ratio:1;\" class=\"wp-block-post-featured-image\"><img loading=\"lazy\" decoding=\"async\" width=\"1792\" height=\"1024\" src=\"https:\/\/www.wordalive.net\/wp-content\/uploads\/2025\/03\/Paul-preaching-in-Athens.jpg\" class=\"attachment-post-thumbnail size-post-thumbnail wp-post-image\" alt=\"\" style=\"width:100%;height:100%;object-fit:cover;\" srcset=\"https:\/\/www.wordalive.net\/wp-content\/uploads\/2025\/03\/Paul-preaching-in-Athens.jpg 1792w, https:\/\/www.wordalive.net\/wp-content\/uploads\/2025\/03\/Paul-preaching-in-Athens-300x171.jpg 300w, https:\/\/www.wordalive.net\/wp-content\/uploads\/2025\/03\/Paul-preaching-in-Athens-1024x585.jpg 1024w, https:\/\/www.wordalive.net\/wp-content\/uploads\/2025\/03\/Paul-preaching-in-Athens-768x439.jpg 768w, https:\/\/www.wordalive.net\/wp-content\/uploads\/2025\/03\/Paul-preaching-in-Athens-1536x878.jpg 1536w\" sizes=\"auto, (max-width: 1792px) 100vw, 1792px\" \/><\/figure>\n\n<div style=\"margin-top:24px;margin-bottom:6px\" class=\"taxonomy-category has-link-color wp-elements-ac72088bd961ddddb454757c7ce5a3ca wp-block-post-terms has-small-font-size\"><a href=\"https:\/\/www.wordalive.net\/se\/kategorier\/medium\/\" rel=\"tag\">Medium<\/a><\/div>\n\n<h2 style=\"margin-top:6px;margin-bottom:12px;\" class=\"wp-block-post-title has-medium-font-size\"><a href=\"https:\/\/www.wordalive.net\/se\/evangelium-vs-evangelium\/\" target=\"_self\" >Evangelium vs. evangelium<\/a><\/h2>\n\n\n<div style=\"height:1.5rem\" aria-hidden=\"true\" class=\"wp-block-spacer\"><\/div>\n\n<\/li><li data-wp-key=\"post-template-item-309\" class=\"wp-block-post post-309 post type-post status-publish format-standard has-post-thumbnail hentry category-fast\">\n<figure style=\"aspect-ratio:1;\" class=\"wp-block-post-featured-image\"><img loading=\"lazy\" decoding=\"async\" width=\"1792\" height=\"1024\" src=\"https:\/\/www.wordalive.net\/wp-content\/uploads\/2025\/03\/Hand-of-God.jpg\" class=\"attachment-post-thumbnail size-post-thumbnail wp-post-image\" alt=\"\" style=\"width:100%;height:100%;object-fit:cover;\" srcset=\"https:\/\/www.wordalive.net\/wp-content\/uploads\/2025\/03\/Hand-of-God.jpg 1792w, https:\/\/www.wordalive.net\/wp-content\/uploads\/2025\/03\/Hand-of-God-300x171.jpg 300w, https:\/\/www.wordalive.net\/wp-content\/uploads\/2025\/03\/Hand-of-God-1024x585.jpg 1024w, https:\/\/www.wordalive.net\/wp-content\/uploads\/2025\/03\/Hand-of-God-768x439.jpg 768w, https:\/\/www.wordalive.net\/wp-content\/uploads\/2025\/03\/Hand-of-God-1536x878.jpg 1536w\" sizes=\"auto, (max-width: 1792px) 100vw, 1792px\" \/><\/figure>\n\n<div style=\"margin-top:24px;margin-bottom:6px\" class=\"taxonomy-category has-link-color wp-elements-ac72088bd961ddddb454757c7ce5a3ca wp-block-post-terms has-small-font-size\"><a href=\"https:\/\/www.wordalive.net\/se\/kategorier\/fast\/\" rel=\"tag\">Fast<\/a><\/div>\n\n<h2 style=\"margin-top:6px;margin-bottom:12px;\" class=\"wp-block-post-title has-medium-font-size\"><a href=\"https:\/\/www.wordalive.net\/se\/skapelse-genom-fodelse\/\" target=\"_self\" >Skapelse genom f\u00f6delse<\/a><\/h2>\n\n\n<div style=\"height:1.5rem\" aria-hidden=\"true\" class=\"wp-block-spacer\"><\/div>\n\n<\/li><li data-wp-key=\"post-template-item-303\" class=\"wp-block-post post-303 post type-post status-publish format-standard has-post-thumbnail hentry category-medium\">\n<figure style=\"aspect-ratio:1;\" class=\"wp-block-post-featured-image\"><img loading=\"lazy\" decoding=\"async\" width=\"1792\" height=\"1024\" src=\"https:\/\/www.wordalive.net\/wp-content\/uploads\/2025\/03\/keys.jpg\" class=\"attachment-post-thumbnail size-post-thumbnail wp-post-image\" alt=\"\" style=\"width:100%;height:100%;object-fit:cover;\" srcset=\"https:\/\/www.wordalive.net\/wp-content\/uploads\/2025\/03\/keys.jpg 1792w, https:\/\/www.wordalive.net\/wp-content\/uploads\/2025\/03\/keys-300x171.jpg 300w, https:\/\/www.wordalive.net\/wp-content\/uploads\/2025\/03\/keys-1024x585.jpg 1024w, https:\/\/www.wordalive.net\/wp-content\/uploads\/2025\/03\/keys-768x439.jpg 768w, https:\/\/www.wordalive.net\/wp-content\/uploads\/2025\/03\/keys-1536x878.jpg 1536w\" sizes=\"auto, (max-width: 1792px) 100vw, 1792px\" \/><\/figure>\n\n<div style=\"margin-top:24px;margin-bottom:6px\" class=\"taxonomy-category has-link-color wp-elements-ac72088bd961ddddb454757c7ce5a3ca wp-block-post-terms has-small-font-size\"><a href=\"https:\/\/www.wordalive.net\/se\/kategorier\/medium\/\" rel=\"tag\">Medium<\/a><\/div>\n\n<h2 style=\"margin-top:6px;margin-bottom:12px;\" class=\"wp-block-post-title has-medium-font-size\"><a href=\"https:\/\/www.wordalive.net\/se\/tro-pa-gud-och-tro-pa-gud-i-dig\/\" target=\"_self\" >Tro p\u00e5 Gud och tro p\u00e5 Gud i dig<\/a><\/h2>\n\n\n<div style=\"height:1.5rem\" aria-hidden=\"true\" class=\"wp-block-spacer\"><\/div>\n\n<\/li><\/ul>\n\n\n<div style=\"height:0.5rem\" aria-hidden=\"true\" class=\"wp-block-spacer\"><\/div>\n\n\n<nav class=\"wp-block-query-pagination is-content-justification-center is-layout-flex wp-container-core-query-pagination-is-layout-a89b3969 wp-block-query-pagination-is-layout-flex\" aria-label=\"Sidonumrering\">\n\n\n<div class=\"wp-block-query-pagination-numbers\"><span data-wp-key=\"index-0\" aria-current=\"page\" class=\"page-numbers current\">1<\/span>\n<a data-wp-key=\"index-1\" data-wp-on--click=\"core\/query::actions.navigate\" class=\"page-numbers\" href=\"?query-10-page=2\">2<\/a><\/div>\n\n<a data-wp-key=\"query-pagination-next\" data-wp-on--click=\"core\/query::actions.navigate\" data-wp-on--mouseenter=\"core\/query::actions.prefetch\" data-wp-watch=\"core\/query::callbacks.prefetch\" href=\"\/se\/wp-json\/wp\/v2\/pages\/282?query-10-page=2\" class=\"wp-block-query-pagination-next\" aria-label=\"N\u00e4sta sida\"><span class='wp-block-query-pagination-next-arrow is-arrow-arrow' aria-hidden='true'>\u2192<\/span><\/a>\n<\/nav>\n\n<\/div>\n<\/div>\n\n\n\n<p><\/p>\n","protected":false},"excerpt":{"rendered":"","protected":false},"author":1,"featured_media":0,"parent":0,"menu_order":0,"comment_status":"closed","ping_status":"closed","template":"","meta":{"footnotes":""},"class_list":["post-282","page","type-page","status-publish","hentry"],"_links":{"self":[{"href":"https:\/\/www.wordalive.net\/se\/wp-json\/wp\/v2\/pages\/282","targetHints":{"allow":["GET"]}}],"collection":[{"href":"https:\/\/www.wordalive.net\/se\/wp-json\/wp\/v2\/pages"}],"about":[{"href":"https:\/\/www.wordalive.net\/se\/wp-json\/wp\/v2\/types\/page"}],"author":[{"embeddable":true,"href":"https:\/\/www.wordalive.net\/se\/wp-json\/wp\/v2\/users\/1"}],"replies":[{"embeddable":true,"href":"https:\/\/www.wordalive.net\/se\/wp-json\/wp\/v2\/comments?post=282"}],"version-history":[{"count":10,"href":"https:\/\/www.wordalive.net\/se\/wp-json\/wp\/v2\/pages\/282\/revisions"}],"predecessor-version":[{"id":501,"href":"https:\/\/www.wordalive.net\/se\/wp-json\/wp\/v2\/pages\/282\/revisions\/501"}],"wp:attachment":[{"href":"https:\/\/www.wordalive.net\/se\/wp-json\/wp\/v2\/media?parent=282"}],"curies":[{"name":"wp","href":"https:\/\/api.w.org\/{rel}","templated":true}]}}