{"id":28,"date":"2025-02-24T19:04:11","date_gmt":"2025-02-24T19:04:11","guid":{"rendered":"https:\/\/wordalive.net\/home\/"},"modified":"2025-08-21T09:17:17","modified_gmt":"2025-08-21T09:17:17","slug":"home","status":"publish","type":"page","link":"https:\/\/www.wordalive.net\/se\/","title":{"rendered":"Home"},"content":{"rendered":"\n<div class=\"wp-block-group alignfull has-background-background-color has-background has-global-padding is-layout-constrained wp-container-core-group-is-layout-9b6eac08 wp-block-group-is-layout-constrained\" style=\"margin-top:0;margin-bottom:0;padding-top:0;padding-right:var(--wp--preset--spacing--30);padding-bottom:var(--wp--preset--spacing--60);padding-left:var(--wp--preset--spacing--30)\">\n<div class=\"wp-block-columns alignwide are-vertically-aligned-center is-layout-flex wp-container-core-columns-is-layout-47c06fe3 wp-block-columns-is-layout-flex\">\n<div class=\"wp-block-column is-vertically-aligned-center is-layout-flow wp-block-column-is-layout-flow\" style=\"flex-basis:40%\">\n<figure class=\"wp-block-image size-large has-custom-border\"><img loading=\"lazy\" decoding=\"async\" width=\"1024\" height=\"585\" src=\"https:\/\/wordalive.net\/wp-content\/uploads\/2025\/04\/Yahweh-Bible-1024x585.jpg\" alt=\"\" class=\"wp-image-359\" style=\"border-top-left-radius:0rem;border-top-right-radius:0rem;border-bottom-left-radius:20rem;border-bottom-right-radius:20rem;aspect-ratio:3\/4;object-fit:cover\" srcset=\"https:\/\/www.wordalive.net\/wp-content\/uploads\/2025\/04\/Yahweh-Bible-1024x585.jpg 1024w, https:\/\/www.wordalive.net\/wp-content\/uploads\/2025\/04\/Yahweh-Bible-300x171.jpg 300w, https:\/\/www.wordalive.net\/wp-content\/uploads\/2025\/04\/Yahweh-Bible-768x439.jpg 768w, https:\/\/www.wordalive.net\/wp-content\/uploads\/2025\/04\/Yahweh-Bible-1536x878.jpg 1536w, https:\/\/www.wordalive.net\/wp-content\/uploads\/2025\/04\/Yahweh-Bible.jpg 1792w\" sizes=\"auto, (max-width: 1024px) 100vw, 1024px\" \/><\/figure>\n<\/div>\n\n\n\n<div class=\"wp-block-column is-vertically-aligned-center is-layout-flow wp-block-column-is-layout-flow\" style=\"padding-top:var(--wp--preset--spacing--40);padding-bottom:var(--wp--preset--spacing--40)\">\n<div class=\"wp-block-group has-global-padding is-layout-constrained wp-block-group-is-layout-constrained\">\n<h1 class=\"wp-block-heading has-text-align-left has-xx-large-font-size\">I begynnelsen var Ordet&#8230; och Ordet var Gud<\/h1>\n\n\n\n<p class=\"has-text-align-left\" style=\"margin-top:16px\">F\u00f6r att k\u00e4nna Gud kr\u00e4vs tv\u00e5 saker: att Gud kommer till dig och att du kommer till honom. Ur det m\u00f6tet kan en relation b\u00f6rja v\u00e4xa fram och du kan l\u00e4ra k\u00e4nna honom. Gud kommer till m\u00e4nniskan ordens v\u00e4g, och genom hans ord kan du komma till honom. Syftet med den h\u00e4r webbsidan \u00e4r att ge dig ord som kan f\u00f6ra dig n\u00e4rmare den levande Guden.<\/p>\n\n\n\n<div class=\"wp-block-buttons is-content-justification-left is-layout-flex wp-container-core-buttons-is-layout-ec155617 wp-block-buttons-is-layout-flex\" style=\"margin-top:var(--wp--preset--spacing--40)\">\n<div class=\"wp-block-button\"><a class=\"wp-block-button__link has-text-align-center wp-element-button\" href=\"https:\/\/wordalive.net\/gud-ar-i-sitt-ord\/\">L\u00e4s vidare<\/a><\/div>\n<\/div>\n<\/div>\n<\/div>\n<\/div>\n<\/div>\n\n\n\n<div class=\"wp-block-group alignfull has-background has-global-padding is-layout-constrained wp-container-core-group-is-layout-28549256 wp-block-group-is-layout-constrained\" id=\"blog\" style=\"background-color:#d8d4ce;margin-top:0;margin-bottom:0;padding-top:var(--wp--preset--spacing--60);padding-right:var(--wp--preset--spacing--30);padding-bottom:var(--wp--preset--spacing--60);padding-left:var(--wp--preset--spacing--30)\">\n<div class=\"wp-block-group alignwide has-global-padding is-content-justification-center is-layout-constrained wp-block-group-is-layout-constrained\">\n<h2 class=\"wp-block-heading has-text-align-center has-x-large-font-size\">Senaste inl\u00e4gg<\/h2>\n<\/div>\n\n\n\n<div data-wp-context=\"{}\" data-wp-interactive=\"core\/query\" data-wp-key=\"10\" data-wp-router-region=\"query-10\" class=\"wp-block-query alignwide is-layout-flow wp-block-query-is-layout-flow\"><ul class=\"columns-3 wp-block-post-template is-layout-grid wp-container-core-post-template-is-layout-6d3fbd8f wp-block-post-template-is-layout-grid\"><li data-wp-key=\"post-template-item-591\" class=\"wp-block-post post-591 post type-post status-publish format-standard has-post-thumbnail hentry category-fast\">\n\n<div class=\"wp-block-group has-background-background-color has-background has-global-padding is-layout-constrained wp-container-core-group-is-layout-182a0f6b wp-block-group-is-layout-constrained\" style=\"border-top-left-radius:20rem;border-top-right-radius:20rem;border-bottom-left-radius:12px;border-bottom-right-radius:12px;padding-top:0;padding-right:0;padding-bottom:0;padding-left:0\"><figure style=\"aspect-ratio:1;\" class=\"wp-block-post-featured-image\"><a href=\"https:\/\/www.wordalive.net\/se\/han-kommer-i-kraft\/\" target=\"_self\"  ><img loading=\"lazy\" decoding=\"async\" width=\"1600\" height=\"896\" src=\"https:\/\/www.wordalive.net\/wp-content\/uploads\/2026\/01\/The-second-coming.jpg\" class=\"attachment-post-thumbnail size-post-thumbnail wp-post-image\" alt=\"Han kommer i kraft\" style=\"border-top-right-radius:20rem;border-top-left-radius:20rem;width:100%;height:100%;object-fit:cover;\" srcset=\"https:\/\/www.wordalive.net\/wp-content\/uploads\/2026\/01\/The-second-coming.jpg 1600w, https:\/\/www.wordalive.net\/wp-content\/uploads\/2026\/01\/The-second-coming-300x168.jpg 300w, https:\/\/www.wordalive.net\/wp-content\/uploads\/2026\/01\/The-second-coming-1024x573.jpg 1024w, https:\/\/www.wordalive.net\/wp-content\/uploads\/2026\/01\/The-second-coming-768x430.jpg 768w, https:\/\/www.wordalive.net\/wp-content\/uploads\/2026\/01\/The-second-coming-1536x860.jpg 1536w, https:\/\/www.wordalive.net\/wp-content\/uploads\/2026\/01\/The-second-coming-18x10.jpg 18w\" sizes=\"auto, (max-width: 1600px) 100vw, 1600px\" \/><\/a><\/figure>\n\n\n<div class=\"wp-block-group has-background-background-color has-background has-global-padding is-layout-constrained wp-container-core-group-is-layout-0e4ecca0 wp-block-group-is-layout-constrained\" style=\"padding-top:1.5rem;padding-right:1.5rem;padding-bottom:1.5rem;padding-left:1.5rem\"><div class=\"taxonomy-category has-text-align-center has-link-color wp-elements-1fe4ee1d4d53a74efecaf82d06cd7a49 wp-block-post-terms has-small-font-size\"><a href=\"https:\/\/www.wordalive.net\/se\/kategorier\/fast\/\" rel=\"tag\">Fast<\/a><\/div>\n\n<h2 style=\"font-size:clamp(0.984rem, 0.984rem + ((1vw - 0.2rem) * 0.86), 1.5rem); margin-top:6px;margin-bottom:12px;\" class=\"has-text-align-center wp-block-post-title\"><a href=\"https:\/\/www.wordalive.net\/se\/han-kommer-i-kraft\/\" target=\"_self\" >Han kommer i kraft<\/a><\/h2>\n\n<div style=\"margin-top:0;margin-bottom:0;\" class=\"has-text-align-center wp-block-post-excerpt has-small-font-size\"><p class=\"wp-block-post-excerpt__excerpt\">\u201dLiksom i Adam alla d\u00f6r, s\u00e5 skall ocks\u00e5 i Kristus alla g\u00f6ras&hellip; <\/p><\/div><\/div>\n<\/div>\n\n<\/li><li data-wp-key=\"post-template-item-620\" class=\"wp-block-post post-620 post type-post status-publish format-standard has-post-thumbnail hentry category-fast\">\n\n<div class=\"wp-block-group has-background-background-color has-background has-global-padding is-layout-constrained wp-container-core-group-is-layout-182a0f6b wp-block-group-is-layout-constrained\" style=\"border-top-left-radius:20rem;border-top-right-radius:20rem;border-bottom-left-radius:12px;border-bottom-right-radius:12px;padding-top:0;padding-right:0;padding-bottom:0;padding-left:0\"><figure style=\"aspect-ratio:1;\" class=\"wp-block-post-featured-image\"><a href=\"https:\/\/www.wordalive.net\/se\/harlighet-ara-och-ododlighet\/\" target=\"_self\"  ><img loading=\"lazy\" decoding=\"async\" width=\"1536\" height=\"1024\" src=\"https:\/\/www.wordalive.net\/wp-content\/uploads\/2026\/02\/Crown-of-glory.png\" class=\"attachment-post-thumbnail size-post-thumbnail wp-post-image\" alt=\"H\u00e4rlighet, \u00e4ra och od\u00f6dlighet\" style=\"border-top-right-radius:20rem;border-top-left-radius:20rem;width:100%;height:100%;object-fit:cover;\" srcset=\"https:\/\/www.wordalive.net\/wp-content\/uploads\/2026\/02\/Crown-of-glory.png 1536w, https:\/\/www.wordalive.net\/wp-content\/uploads\/2026\/02\/Crown-of-glory-300x200.png 300w, https:\/\/www.wordalive.net\/wp-content\/uploads\/2026\/02\/Crown-of-glory-1024x683.png 1024w, https:\/\/www.wordalive.net\/wp-content\/uploads\/2026\/02\/Crown-of-glory-768x512.png 768w, https:\/\/www.wordalive.net\/wp-content\/uploads\/2026\/02\/Crown-of-glory-18x12.png 18w\" sizes=\"auto, (max-width: 1536px) 100vw, 1536px\" \/><\/a><\/figure>\n\n\n<div class=\"wp-block-group has-background-background-color has-background has-global-padding is-layout-constrained wp-container-core-group-is-layout-0e4ecca0 wp-block-group-is-layout-constrained\" style=\"padding-top:1.5rem;padding-right:1.5rem;padding-bottom:1.5rem;padding-left:1.5rem\"><div class=\"taxonomy-category has-text-align-center has-link-color wp-elements-1fe4ee1d4d53a74efecaf82d06cd7a49 wp-block-post-terms has-small-font-size\"><a href=\"https:\/\/www.wordalive.net\/se\/kategorier\/fast\/\" rel=\"tag\">Fast<\/a><\/div>\n\n<h2 style=\"font-size:clamp(0.984rem, 0.984rem + ((1vw - 0.2rem) * 0.86), 1.5rem); margin-top:6px;margin-bottom:12px;\" class=\"has-text-align-center wp-block-post-title\"><a href=\"https:\/\/www.wordalive.net\/se\/harlighet-ara-och-ododlighet\/\" target=\"_self\" >H\u00e4rlighet, \u00e4ra och od\u00f6dlighet<\/a><\/h2>\n\n<div style=\"margin-top:0;margin-bottom:0;\" class=\"has-text-align-center wp-block-post-excerpt has-small-font-size\"><p class=\"wp-block-post-excerpt__excerpt\">\u201dHan ska l\u00f6na var och en efter hans g\u00e4rningar: evigt liv \u00e5t&hellip; <\/p><\/div><\/div>\n<\/div>\n\n<\/li><li data-wp-key=\"post-template-item-597\" class=\"wp-block-post post-597 post type-post status-publish format-standard has-post-thumbnail hentry category-medium\">\n\n<div class=\"wp-block-group has-background-background-color has-background has-global-padding is-layout-constrained wp-container-core-group-is-layout-182a0f6b wp-block-group-is-layout-constrained\" style=\"border-top-left-radius:20rem;border-top-right-radius:20rem;border-bottom-left-radius:12px;border-bottom-right-radius:12px;padding-top:0;padding-right:0;padding-bottom:0;padding-left:0\"><figure style=\"aspect-ratio:1;\" class=\"wp-block-post-featured-image\"><a href=\"https:\/\/www.wordalive.net\/se\/ar-du-ett-ord-fran-guds-mun\/\" target=\"_self\"  ><img loading=\"lazy\" decoding=\"async\" width=\"1600\" height=\"896\" src=\"https:\/\/www.wordalive.net\/wp-content\/uploads\/2026\/01\/Mouth-of-God.jpg\" class=\"attachment-post-thumbnail size-post-thumbnail wp-post-image\" alt=\"\u00c4r du ett ord fr\u00e5n Guds mun?\" style=\"border-top-right-radius:20rem;border-top-left-radius:20rem;width:100%;height:100%;object-fit:cover;\" srcset=\"https:\/\/www.wordalive.net\/wp-content\/uploads\/2026\/01\/Mouth-of-God.jpg 1600w, https:\/\/www.wordalive.net\/wp-content\/uploads\/2026\/01\/Mouth-of-God-300x168.jpg 300w, https:\/\/www.wordalive.net\/wp-content\/uploads\/2026\/01\/Mouth-of-God-1024x573.jpg 1024w, https:\/\/www.wordalive.net\/wp-content\/uploads\/2026\/01\/Mouth-of-God-768x430.jpg 768w, https:\/\/www.wordalive.net\/wp-content\/uploads\/2026\/01\/Mouth-of-God-1536x860.jpg 1536w, https:\/\/www.wordalive.net\/wp-content\/uploads\/2026\/01\/Mouth-of-God-18x10.jpg 18w\" sizes=\"auto, (max-width: 1600px) 100vw, 1600px\" \/><\/a><\/figure>\n\n\n<div class=\"wp-block-group has-background-background-color has-background has-global-padding is-layout-constrained wp-container-core-group-is-layout-0e4ecca0 wp-block-group-is-layout-constrained\" style=\"padding-top:1.5rem;padding-right:1.5rem;padding-bottom:1.5rem;padding-left:1.5rem\"><div class=\"taxonomy-category has-text-align-center has-link-color wp-elements-1fe4ee1d4d53a74efecaf82d06cd7a49 wp-block-post-terms has-small-font-size\"><a href=\"https:\/\/www.wordalive.net\/se\/kategorier\/medium\/\" rel=\"tag\">Medium<\/a><\/div>\n\n<h2 style=\"font-size:clamp(0.984rem, 0.984rem + ((1vw - 0.2rem) * 0.86), 1.5rem); margin-top:6px;margin-bottom:12px;\" class=\"has-text-align-center wp-block-post-title\"><a href=\"https:\/\/www.wordalive.net\/se\/ar-du-ett-ord-fran-guds-mun\/\" target=\"_self\" >\u00c4r du ett ord fr\u00e5n Guds mun?<\/a><\/h2>\n\n<div style=\"margin-top:0;margin-bottom:0;\" class=\"has-text-align-center wp-block-post-excerpt has-small-font-size\"><p class=\"wp-block-post-excerpt__excerpt\">\u201dLiksom regnet och sn\u00f6n faller fr\u00e5n himlen och inte \u00e5terv\u00e4nder dit utan&hellip; <\/p><\/div><\/div>\n<\/div>\n\n<\/li><\/ul>\n\n<\/div>\n\n\n\n<div class=\"wp-block-buttons is-content-justification-center is-layout-flex wp-container-core-buttons-is-layout-d8c0be80 wp-block-buttons-is-layout-flex\" style=\"margin-top:var(--wp--preset--spacing--40)\">\n<div class=\"wp-block-button\"><a class=\"wp-block-button__link wp-element-button\" href=\"https:\/\/wordalive.net\/blog\">Alla inl\u00e4gg<\/a><\/div>\n<\/div>\n<\/div>\n\n\n\n<p><\/p>\n\n\n\n<p><\/p>\n\n\n\n<p><\/p>\n\n\n\n<h2 class=\"wp-block-heading has-text-align-center has-x-large-font-size\">Levande ord, andlig mat<\/h2>\n\n\n\n<p class=\"has-text-align-center\" style=\"margin-top:16px\"><em>&#8221;M\u00e4nniskan lever inte bara av br\u00f6d, utan av varje ord som utg\u00e5r fr\u00e5n Guds mun.&#8221; <\/em>Matteus 4:4<\/p>\n\n\n\n<p class=\"has-text-align-center\" style=\"margin-top:16px\">Inl\u00e4ggen delas upp i kategorierna <a href=\"https:\/\/wordalive.net\/se\/kategorier\/milk\/\" data-type=\"link\" data-id=\"https:\/\/wordalive.net\/se\/kategorier\/milk\/\">mj\u00f6lk<\/a>, <a href=\"https:\/\/wordalive.net\/kategorier\/medium\/\" data-type=\"link\" data-id=\"https:\/\/wordalive.net\/kategorier\/medium\/\">medium<\/a> och <a href=\"https:\/\/wordalive.net\/kategorier\/fast\/\" data-type=\"link\" data-id=\"https:\/\/wordalive.net\/kategorier\/fast\/\">fast<\/a> f\u00f6da.<\/p>\n\n\n\n<div class=\"wp-block-group alignfull has-background-background-color has-background has-global-padding is-layout-constrained wp-container-core-group-is-layout-fb85e995 wp-block-group-is-layout-constrained\" id=\"features\" style=\"margin-top:0;margin-bottom:0;padding-top:var(--wp--preset--spacing--60);padding-right:var(--wp--preset--spacing--30);padding-bottom:var(--wp--preset--spacing--60);padding-left:var(--wp--preset--spacing--30)\">\n<div class=\"wp-block-columns alignwide is-layout-flex wp-container-core-columns-is-layout-08c01c1c wp-block-columns-is-layout-flex\">\n<div class=\"wp-block-column is-vertically-aligned-stretch is-layout-flow wp-block-column-is-layout-flow\" style=\"padding-top:0;padding-bottom:0;flex-basis:50%\">\n<div class=\"wp-block-group has-background is-nowrap is-layout-flex wp-container-core-group-is-layout-a1e5c640 wp-block-group-is-layout-flex\" style=\"border-top-left-radius:20rem;border-bottom-left-radius:20rem;background-color:#d8d4ce;padding-top:2.5rem;padding-right:var(--wp--preset--spacing--50);padding-bottom:2.5rem;padding-left:var(--wp--preset--spacing--50)\">\n<div class=\"wp-block-group wp-container-content-958eb9dc has-global-padding is-layout-constrained wp-block-group-is-layout-constrained\">\n<h3 class=\"wp-block-heading has-text-align-center\" style=\"font-size:clamp(14px, 0.875rem + ((1vw - 3.2px) * 0.625), 20px);line-height:1.5\"><a href=\"https:\/\/wordalive.net\/kategorier\/milk\/\" data-type=\"link\" data-id=\"https:\/\/wordalive.net\/kategorier\/milk\/\">Mj\u00f6lk<\/a><\/h3>\n\n\n\n<p class=\"has-text-align-center has-small-font-size\" style=\"margin-top:4px\">&#8221;L\u00e4ngta efter den rena andliga mj\u00f6lken, s\u00e5 att ni genom den v\u00e4xer upp till fr\u00e4lsning.&#8221; 1Pet. 2:1<\/p>\n<\/div>\n<\/div>\n\n\n\n<div class=\"wp-block-group has-background is-nowrap is-layout-flex wp-container-core-group-is-layout-a1e5c640 wp-block-group-is-layout-flex\" style=\"border-top-left-radius:20rem;border-bottom-left-radius:20rem;background-color:#d8d4ce;padding-top:2.5rem;padding-right:var(--wp--preset--spacing--50);padding-bottom:2.5rem;padding-left:var(--wp--preset--spacing--50)\">\n<div class=\"wp-block-group wp-container-content-958eb9dc has-global-padding is-layout-constrained wp-block-group-is-layout-constrained\">\n<h3 class=\"wp-block-heading has-text-align-center\" style=\"font-size:clamp(14px, 0.875rem + ((1vw - 3.2px) * 0.625), 20px);line-height:1.5\"><a href=\"https:\/\/wordalive.net\/kategorier\/medium\/\" data-type=\"link\" data-id=\"https:\/\/wordalive.net\/kategorier\/medium\/\">Medium<\/a><\/h3>\n\n\n\n<p class=\"has-text-align-center has-small-font-size\" style=\"margin-top:4px\">&#8221;Tills Kristus tar form i er.&#8221; Gal. 4:19<\/p>\n<\/div>\n<\/div>\n\n\n\n<div class=\"wp-block-group has-background is-nowrap is-layout-flex wp-container-core-group-is-layout-a1e5c640 wp-block-group-is-layout-flex\" style=\"border-top-left-radius:20rem;border-bottom-left-radius:20rem;background-color:#d8d4ce;padding-top:2.5rem;padding-right:var(--wp--preset--spacing--50);padding-bottom:2.5rem;padding-left:var(--wp--preset--spacing--50)\">\n<div class=\"wp-block-group wp-container-content-958eb9dc has-global-padding is-layout-constrained wp-block-group-is-layout-constrained\">\n<h3 class=\"wp-block-heading has-text-align-center\" style=\"font-size:clamp(14px, 0.875rem + ((1vw - 3.2px) * 0.625), 20px);line-height:1.5\"><a href=\"https:\/\/wordalive.net\/kategorier\/fast\/\">Fast<\/a><\/h3>\n\n\n\n<p class=\"has-text-align-center has-small-font-size\" style=\"margin-top:4px\">&#8221;Den fasta f\u00f6dan \u00e4r till f\u00f6r vuxna, f\u00f6r dem som genom \u00f6vning har f\u00e5tt sinnena sk\u00e4rpta till att skilja mellan gott och ont.&#8221; Hebr. 5:14<\/p>\n<\/div>\n<\/div>\n<\/div>\n\n\n\n<div class=\"wp-block-column is-vertically-aligned-stretch is-layout-flow wp-block-column-is-layout-flow\" style=\"flex-basis:50%\">\n<div class=\"wp-block-cover\" style=\"border-top-left-radius:1rem;border-top-right-radius:20rem;border-bottom-left-radius:1rem;border-bottom-right-radius:1rem;min-height:100%;aspect-ratio:unset;\"><img loading=\"lazy\" decoding=\"async\" width=\"1024\" height=\"1024\" class=\"wp-block-cover__image-background wp-image-429 size-full\" alt=\"\" src=\"https:\/\/www.wordalive.net\/wp-content\/uploads\/2025\/04\/bread-and-wine.jpeg\" data-object-fit=\"cover\"\/><span aria-hidden=\"true\" class=\"wp-block-cover__background has-background-dim-0 has-background-dim\" style=\"background-color:#5e4632\"><\/span><div class=\"wp-block-cover__inner-container is-layout-flow wp-block-cover-is-layout-flow\">\n<div style=\"height:380px\" aria-hidden=\"true\" class=\"wp-block-spacer\"><\/div>\n<\/div><\/div>\n<\/div>\n<\/div>\n<\/div>\n","protected":false},"excerpt":{"rendered":"<p>I begynnelsen var Ordet&#8230; och Ordet var Gud F\u00f6r att k\u00e4nna Gud kr\u00e4vs tv\u00e5 saker: att Gud kommer till dig och att du kommer till honom. Ur det m\u00f6tet kan en relation b\u00f6rja v\u00e4xa fram och du kan l\u00e4ra k\u00e4nna honom. Gud kommer till m\u00e4nniskan ordens v\u00e4g, och genom hans ord kan du komma till [&hellip;]<\/p>\n","protected":false},"author":1,"featured_media":0,"parent":0,"menu_order":0,"comment_status":"closed","ping_status":"closed","template":"no-title","meta":{"footnotes":""},"class_list":["post-28","page","type-page","status-publish","hentry"],"_links":{"self":[{"href":"https:\/\/www.wordalive.net\/se\/wp-json\/wp\/v2\/pages\/28","targetHints":{"allow":["GET"]}}],"collection":[{"href":"https:\/\/www.wordalive.net\/se\/wp-json\/wp\/v2\/pages"}],"about":[{"href":"https:\/\/www.wordalive.net\/se\/wp-json\/wp\/v2\/types\/page"}],"author":[{"embeddable":true,"href":"https:\/\/www.wordalive.net\/se\/wp-json\/wp\/v2\/users\/1"}],"replies":[{"embeddable":true,"href":"https:\/\/www.wordalive.net\/se\/wp-json\/wp\/v2\/comments?post=28"}],"version-history":[{"count":40,"href":"https:\/\/www.wordalive.net\/se\/wp-json\/wp\/v2\/pages\/28\/revisions"}],"predecessor-version":[{"id":567,"href":"https:\/\/www.wordalive.net\/se\/wp-json\/wp\/v2\/pages\/28\/revisions\/567"}],"wp:attachment":[{"href":"https:\/\/www.wordalive.net\/se\/wp-json\/wp\/v2\/media?parent=28"}],"curies":[{"name":"wp","href":"https:\/\/api.w.org\/{rel}","templated":true}]}}