{"id":120,"date":"2025-02-26T10:46:27","date_gmt":"2025-02-26T10:46:27","guid":{"rendered":"https:\/\/wordalive.net\/?page_id=120"},"modified":"2025-04-25T22:25:16","modified_gmt":"2025-04-25T22:25:16","slug":"om-word-alive","status":"publish","type":"page","link":"https:\/\/www.wordalive.net\/fi\/om-word-alive\/","title":{"rendered":"Mik\u00e4 Word Alive?"},"content":{"rendered":"<h1 class=\"wp-block-heading has-text-align-center has-large-font-size\">Mik\u00e4 Word Alive?<\/h1>\n\n\n\n<p><\/p>\n\n\n\n<p class=\"has-text-align-center\">T\u00e4m\u00e4 sivusto on henkil\u00f6kohtainen blogini, jonka kautta jaan opetuksia ja ajatuksia Jumalan Sanasta. Rukoukseni ja toiveeni on, ett\u00e4 kirjoitusteni kautta Jumalan sana saa alkaa el\u00e4\u00e4 ja toimia sinussa, niin ett\u00e4 hengelliset silm\u00e4si avautuvat n\u00e4kem\u00e4\u00e4n  Jeesuksen sellaisena kuin h\u00e4n on, ja ett\u00e4 l\u00f6yd\u00e4t itsesi h\u00e4ness\u00e4.<\/p>\n\n\n\n<p class=\"has-text-align-center has-arsenal-font-family has-small-font-size\">Petteri P\u00f6ll\u00e4nen<\/p>\n\n\n\n<p class=\"has-text-align-center\"><img loading=\"lazy\" decoding=\"async\" width=\"150\" height=\"178\" class=\"wp-image-217\" style=\"width: 150px;\" src=\"https:\/\/wordalive.net\/wp-content\/uploads\/2025\/02\/Omakuva.jpg\" alt=\"\" srcset=\"https:\/\/www.wordalive.net\/wp-content\/uploads\/2025\/02\/Omakuva.jpg 1743w, https:\/\/www.wordalive.net\/wp-content\/uploads\/2025\/02\/Omakuva-252x300.jpg 252w, https:\/\/www.wordalive.net\/wp-content\/uploads\/2025\/02\/Omakuva-861x1024.jpg 861w, https:\/\/www.wordalive.net\/wp-content\/uploads\/2025\/02\/Omakuva-768x913.jpg 768w, https:\/\/www.wordalive.net\/wp-content\/uploads\/2025\/02\/Omakuva-1291x1536.jpg 1291w, https:\/\/www.wordalive.net\/wp-content\/uploads\/2025\/02\/Omakuva-1722x2048.jpg 1722w\" sizes=\"auto, (max-width: 150px) 100vw, 150px\" \/><\/p>\n\n\n\n<div class=\"wp-block-group alignfull has-background-background-color has-background has-global-padding is-layout-constrained wp-container-core-group-is-layout-fb85e995 wp-block-group-is-layout-constrained\" style=\"margin-top:0;margin-bottom:0;padding-top:var(--wp--preset--spacing--60);padding-right:var(--wp--preset--spacing--30);padding-bottom:var(--wp--preset--spacing--60);padding-left:var(--wp--preset--spacing--30)\"><\/div>","protected":false},"excerpt":{"rendered":"<p>Om Word Alive Den h\u00e4r webbsidan \u00e4r min personliga blogg d\u00e4r jag delar undervisningar och tankar om Guds Ord. Jag ber att Guds ord f\u00e5r bli levande och verksam i dig som l\u00e4ser, att dina andliga \u00f6gon \u00f6ppnas till att se Jesus s\u00e5dan som han \u00e4r, och att du uppt\u00e4cker dig sj\u00e4lv i honom. Petteri [&hellip;]<\/p>\n","protected":false},"author":1,"featured_media":0,"parent":0,"menu_order":0,"comment_status":"closed","ping_status":"closed","template":"","meta":{"footnotes":""},"class_list":["post-120","page","type-page","status-publish","hentry"],"_links":{"self":[{"href":"https:\/\/www.wordalive.net\/fi\/wp-json\/wp\/v2\/pages\/120","targetHints":{"allow":["GET"]}}],"collection":[{"href":"https:\/\/www.wordalive.net\/fi\/wp-json\/wp\/v2\/pages"}],"about":[{"href":"https:\/\/www.wordalive.net\/fi\/wp-json\/wp\/v2\/types\/page"}],"author":[{"embeddable":true,"href":"https:\/\/www.wordalive.net\/fi\/wp-json\/wp\/v2\/users\/1"}],"replies":[{"embeddable":true,"href":"https:\/\/www.wordalive.net\/fi\/wp-json\/wp\/v2\/comments?post=120"}],"version-history":[{"count":18,"href":"https:\/\/www.wordalive.net\/fi\/wp-json\/wp\/v2\/pages\/120\/revisions"}],"predecessor-version":[{"id":440,"href":"https:\/\/www.wordalive.net\/fi\/wp-json\/wp\/v2\/pages\/120\/revisions\/440"}],"wp:attachment":[{"href":"https:\/\/www.wordalive.net\/fi\/wp-json\/wp\/v2\/media?parent=120"}],"curies":[{"name":"wp","href":"https:\/\/api.w.org\/{rel}","templated":true}]}}